{"id":5029,"date":"2024-02-23T11:47:35","date_gmt":"2024-02-23T11:47:35","guid":{"rendered":"https:\/\/www.saygispor.com\/?page_id=5029"},"modified":"2024-02-23T11:47:35","modified_gmt":"2024-02-23T11:47:35","slug":"takimlarimiz","status":"publish","type":"page","link":"https:\/\/www.saygispor.com\/index.php\/takimlarimiz\/","title":{"rendered":"Tak\u0131mlar\u0131m\u0131z"},"content":{"rendered":"","protected":false},"excerpt":{"rendered":"","protected":false},"author":1,"featured_media":0,"parent":0,"menu_order":2,"comment_status":"closed","ping_status":"closed","template":"","meta":{"inline_featured_image":false,"footnotes":""},"_links":{"self":[{"href":"https:\/\/www.saygispor.com\/index.php\/wp-json\/wp\/v2\/pages\/5029"}],"collection":[{"href":"https:\/\/www.saygispor.com\/index.php\/wp-json\/wp\/v2\/pages"}],"about":[{"href":"https:\/\/www.saygispor.com\/index.php\/wp-json\/wp\/v2\/types\/page"}],"author":[{"embeddable":true,"href":"https:\/\/www.saygispor.com\/index.php\/wp-json\/wp\/v2\/users\/1"}],"replies":[{"embeddable":true,"href":"https:\/\/www.saygispor.com\/index.php\/wp-json\/wp\/v2\/comments?post=5029"}],"version-history":[{"count":1,"href":"https:\/\/www.saygispor.com\/index.php\/wp-json\/wp\/v2\/pages\/5029\/revisions"}],"predecessor-version":[{"id":5030,"href":"https:\/\/www.saygispor.com\/index.php\/wp-json\/wp\/v2\/pages\/5029\/revisions\/5030"}],"wp:attachment":[{"href":"https:\/\/www.saygispor.com\/index.php\/wp-json\/wp\/v2\/media?parent=5029"}],"curies":[{"name":"wp","href":"https:\/\/api.w.org\/{rel}","templated":true}]}}